{"id":1734,"date":"2024-06-09T13:36:36","date_gmt":"2024-06-09T13:36:36","guid":{"rendered":"https:\/\/stronahypersens.cfolks.pl\/?page_id=1734"},"modified":"2024-06-09T13:51:13","modified_gmt":"2024-06-09T13:51:13","slug":"regulamin-zamowienia","status":"publish","type":"page","link":"https:\/\/www.hypersens.pl\/en\/regulamin-zamowienia\/","title":{"rendered":"Order regulations"},"content":{"rendered":"<div class=\"wp-block-uagb-container uagb-block-4ac74d7a alignfull uagb-is-root-container\"><div class=\"uagb-container-inner-blocks-wrap\"><h1 class=\"wp-block-heading\">Order regulations<\/h1>\n\n<ol class=\"wp-block-list\"><li>Og\u00f3lne<ol class=\"wp-block-list\"><li>Sk\u0142adanie zam\u00f3wie\u0144 przez stron\u0119 internetow\u0105 \u201ewww.hypersens.pl\u201d odbywa si\u0119 wed\u0142ug niniejszego regulaminu.<\/li>\n\n<li>W\u0142a\u015bcicielem serwisu \u201ewww.hypersens.pl\u201d jest Hypersens Sp. z o.o. z siedzib\u0105 w Toruniu, ul. \u017b\u00f3\u0142kiewskiego 28\/32 (dalej zwany Wykonawc\u0105).<\/li>\n\n<li>Z\u0142o\u017cenie zam\u00f3wienia za po\u015brednictwem strony internetowej \u201ewww.hypersens.pl\u201d oznacza akceptacj\u0119 przez Zamawiaj\u0105cego zasad zam\u00f3wienia wynikaj\u0105cych z niniejszego regulaminu oraz zobowi\u0105zuje Zamawiaj\u0105cego do przestrzegania zawartych w nim regu\u0142.<\/li>\n\n<li>Ceny produkt\u00f3w publikowane na stronie internetowej \u201ewww.hypersens.pl\u201d wyra\u017cone s\u0105 w z\u0142otych polskich i nie zawieraj\u0105 podatku VAT.<\/li>\n\n<li>Hypersens Sp. z o.o. nie odpowiada za szkody wyrz\u0105dzone na skutek niew\u0142a\u015bciwego lub nieumiej\u0119tnego stosowania zam\u00f3wionych produkt\u00f3w przez Zamawiaj\u0105cego.<\/li><\/ol><\/li>\n\n<li>Zam\u00f3wienie<ol class=\"wp-block-list\"><li>Zam\u00f3wienie produktu nast\u0119puje poprzez przes\u0142anie przez Zamawiaj\u0105cego wype\u0142nionego w formie elektronicznej Formularza Zam\u00f3wienia i potwierdzenie przez Wykonawc\u0119 przyj\u0119cia zam\u00f3wienia.<\/li>\n\n<li>Wykonawca potwierdza przyj\u0119cie Zam\u00f3wienia drog\u0105 elektroniczn\u0105, niezw\u0142ocznie lecz nie p\u00f3\u017aniej ni\u017c w ci\u0105gu 2-go dnia roboczego po zarejestrowaniu Zam\u00f3wienia. Brak potwierdzenia realizacji zam\u00f3wienia w tym terminie oznacza brak przyj\u0119cia do realizacji.<\/li>\n\n<li>Zam\u00f3wienia przes\u0142ane przez Zamawiaj\u0105cego w niedziel\u0119 oraz dzie\u0144 ustawowo wolny od pracy s\u0105 rozpatrywane przez Wykonawc\u0119 w celu ich potwierdzenia w pierwszym dniu roboczym nast\u0119puj\u0105cym po tych dniach.<\/li>\n\n<li>Wykonawca nie rozpatruje Formularzy Zam\u00f3wie\u0144 wype\u0142nionych nieprawid\u0142owo, w takim przypadku niezw\u0142ocznie powiadamia o tym Zamawiaj\u0105cego drog\u0105 elektroniczn\u0105.<\/li>\n\n<li>Anulowanie zam\u00f3wienia mo\u017cliwe jest wy\u0142\u0105cznie przed przyst\u0105pieniem Wykonawcy do jego realizacji.<\/li>\n\n<li>W przypadku zg\u0142oszenia anulowania zam\u00f3wienia Zamawiaj\u0105cy otrzyma drog\u0105 elektroniczn\u0105 potwierdzenie anulowania zam\u00f3wienia, a w przypadku wykonania przez Wykonawc\u0119 przedmiotu zam\u00f3wienia informacj\u0119 o braku mo\u017cliwo\u015bci anulowania zam\u00f3wienia.<\/li>\n\n<li>Przedmiotem zam\u00f3wienia jest rzecz niefabrykowana wykonana wed\u0142ug specyfikacji konsumenta i s\u0142u\u017c\u0105ca zaspokojeniu jego zindywidualizowanych potrzeb. W zwi\u0105zku z powy\u017cszym prawo odst\u0105pienia od umowy zawartej poza lokalem przedsi\u0119biorstwa lub na odleg\u0142o\u015b\u0107 nie przys\u0142uguje Zamawiaj\u0105cemu.<\/li><\/ol><\/li>\n\n<li>P\u0142atno\u015bci i wysy\u0142ka<ol class=\"wp-block-list\"><li>Zap\u0142ata za przedmiot zam\u00f3wienia dokonywana jest wy\u0142\u0105cznie przelewem na rachunek bankowy Wykonawcy przed przyst\u0105pieniem do wykonania przedmiotu zam\u00f3wienia.<\/li>\n\n<li>Brak wp\u0142aty za przedmiot zam\u00f3wienia we wskazanym terminie stanowi\u0107 b\u0119dzie odst\u0105pienie przez Zamawiaj\u0105cego od umowy.<\/li>\n\n<li>Przy wyborze formy odbioru osobistego, mo\u017cliwa jest p\u0142atno\u015b\u0107 got\u00f3wk\u0105 w siedzibie Wykonawcy.<\/li>\n\n<li>Przedmiot zam\u00f3wienia zostaje dostarczony do miejsca wskazanego przez Zamawiaj\u0105cego w Formularzu zam\u00f3wienia za po\u015brednictwem podmiotu dostarczaj\u0105cego przesy\u0142k\u0119.<\/li>\n\n<li>Dostawy realizowane s\u0105 na terenie Rzeczypospolitej Polskiej, zgodnie z procedur\u0105 podmiotu dostarczaj\u0105cego przesy\u0142k\u0119.<\/li>\n\n<li>Dow\u00f3d sprzeda\u017cy stanowi faktura VAT lub paragon.<\/li>\n\n<li>W przypadku stwierdzenia naruszenia nale\u017cytego stanu, ca\u0142o\u015bci, kompletno\u015bci, nienaruszalno\u015bci przesy\u0142ki Zamawiaj\u0105cy ma obowi\u0105zek spisania w obecno\u015bci podmiotu dostarczaj\u0105cego przesy\u0142k\u0119 protok\u00f3\u0142 szkodowy okre\u015blaj\u0105cy rodzaj i zakres naruszenia nale\u017cytego stanu. Protok\u00f3\u0142 jest sporz\u0105dzany w dw\u00f3ch jednobrzmi\u0105cych egzemplarzach i podpisywany przez Zamawiaj\u0105cego i podmiot dostarczaj\u0105cy przesy\u0142k\u0119. Sporz\u0105dzenie protoko\u0142u szkody jest warunkiem koniecznym dochodzenia roszcze\u0144 przez Zamawiaj\u0105cego.<\/li>\n\n<li>Zamawiaj\u0105cy ma r\u00f3wnie\u017c obowi\u0105zek natychmiast, nie p\u00f3\u017aniej ni\u017c nast\u0119pnego dnia roboczego, poinformowania Wykonawcy o zaistnia\u0142ej sytuacji<\/li>\n\n<li>W przypadku op\u00f3\u017anienia w odbiorze towaru przez Zamawiaj\u0105cego, Wykonawcy przys\u0142uguje prawo okre\u015blenia nowego terminu dostawy. W takim przypadku Zamawiaj\u0105cy ponosi koszt ponownego dostarczenia przedmiotu zam\u00f3wienia pod wskazany adres. Na wyra\u017ane \u017c\u0105danie Zamawiaj\u0105cego, wyra\u017cone w formie pisemnej, kt\u00f3re dotrze do Wykonawcy najdalej na 3 dni przed wys\u0142aniem przesy\u0142ki, Wykonawca umo\u017cliwi Zamawiaj\u0105cemu odebranie przedmiotu zam\u00f3wienia z siedziby Wykonawcy.<\/li>\n\n<li>W przypadku braku dwukrotnego odbioru towaru przez Zamawiaj\u0105cego w miejscu przez niego wskazanym zam\u00f3wienie jest anulowane, a koszty dostawy i ewentualna szkoda po stronie Wykonawcy obci\u0105\u017ca Zamawiaj\u0105cego.<\/li><\/ol><\/li>\n\n<li>Roszczenia<ol class=\"wp-block-list\"><li>Wykonawca ponosi odpowiedzialno\u015b\u0107 z tytu\u0142u niewykonania lub nienale\u017cytego wykonania zobowi\u0105zania wy\u0142\u0105cznie za rzeczywist\u0105 szkod\u0119 wyrz\u0105dzon\u0105 Zamawiaj\u0105cemu; kwota odszkodowania nie mo\u017ce by\u0107 wy\u017csza ni\u017c warto\u015b\u0107 wynagrodzenia za wykonanie przedmiotu zam\u00f3wienia netto.<\/li>\n\n<li>Na ka\u017cdy przedmiot zam\u00f3wienia udzielana jest gwarancja Wykonawcy, w zwi\u0105zku z czym strony wy\u0142\u0105czaj\u0105 odpowiedzialno\u015b\u0107 Wykonawcy z tytu\u0142u r\u0119kojmi za jego wady fizyczne.<\/li>\n\n<li>Og\u00f3lne Warunki Gwarancji znajduj\u0105 si\u0119 na stronie internetowej Wykonawcy.<\/li>\n\n<li>W przypadku zg\u0142oszenia przez Zamawiaj\u0105cego reklamacji co do przedmiotu zam\u00f3wienia Wykonawcy przys\u0142uguje 21 dni na jej rozpatrzenie.<\/li>\n\n<li>W przypadku uznania reklamacji Wykonawcy przys\u0142uguje wyb\u00f3r: wymiany towaru na wolny od wad, b\u0105d\u017a te\u017c naprawy towaru na zasadach wynikaj\u0105cych z Og\u00f3lnych Warunk\u00f3w Gwarancji. Wykonawca o swoim stanowisku co do realizacji reklamacji powiadomi Zamawiaj\u0105cego w terminie 21 dni roboczych od wp\u0142ywu zg\u0142oszenia reklamacyjnego, a o ile nie b\u0119dzie to mo\u017cliwe powiadomi go o przyczynie op\u00f3\u017anienia i poda nowy termin rozstrzygni\u0119cia reklamacji. Dla rozpatrzenia reklamacji wystarczaj\u0105ca jest droga elektroniczna.<\/li>\n\n<li>Na \u017c\u0105danie Wykonawcy Zamawiaj\u0105cy jest zobowi\u0105zany wys\u0142a\u0107 mu na sw\u00f3j koszt towar, kt\u00f3rego reklamacja dotyczy. W przypadku uwzgl\u0119dnienia reklamacji koszt przesy\u0142ki podlega zwrotowi. W przypadku odmowy jej uwzgl\u0119dnienia towar b\u0119dzie zwr\u00f3cony Zamawiaj\u0105cemu w terminie 7 dni od przes\u0142ania przez niego takiego \u017c\u0105dania, kt\u00f3re musi by\u0107 zg\u0142oszone nie p\u00f3\u017aniej ni\u017c w ci\u0105gu 30 dni od zaj\u0119cia stanowiska w przedmiocie rozstrzygni\u0119cia reklamacji. W przypadku \u017c\u0105dania zwrotu towaru b\u0119dzie on zwr\u00f3cony po op\u0142aceniu koszt\u00f3w.<\/li><\/ol><\/li>\n\n<li>Inne prawa i obowi\u0105zki<ol class=\"wp-block-list\"><li>Zamawiaj\u0105cy zobowi\u0105zany jest korzysta\u0107 ze strony internetowej \u201ewww.hypersens.pl\u201d zgodnie z przepisami prawa, postanowieniami Regulaminu oraz dobrymi obyczajami.<\/li>\n\n<li>Zamawiaj\u0105cy zobowi\u0105zany jest poda\u0107 prawdziwe dane (informacje osobowe) w Formularzu Zam\u00f3wienia,<\/li>\n\n<li>Zamawiaj\u0105cy zobowi\u0105zany jest nie korzysta\u0107 ze strony \u201ewww.hypersens.pl\u201d w celu dokonania nieprawdziwych lub fa\u0142szywych zam\u00f3wie\u0144, ani jakichkolwiek innych zachowa\u0144 sprzecznych z dobrymi obyczajami.<\/li>\n\n<li>Zamawiaj\u0105cy o\u015bwiadcza, \u017ce wszystkie informacje dostarczone przez niego w trakcie korzystania ze strony \u201ewww.hypersens.pl\u201d\u00a0s\u0105 prawdziwe i zgodne z jego najlepsz\u0105 wiedz\u0105.<\/li>\n\n<li>Wykonawca ma prawo czasowego zawieszenia strony \u201ewww.hypersens.pl\u201d do sk\u0142adania zam\u00f3wie\u0144 w zwi\u0105zku z przeprowadzaniem prac konserwacyjnych.<\/li>\n\n<li>Wykonawca ma prawo odst\u0105pi\u0107 od Umowy w przypadku naruszenia przez Zamawiaj\u0105cego\u00a0 Regulaminu, w szczeg\u00f3lno\u015bci podania nieprawid\u0142owych danych osobowych b\u0105d\u017a danych zwi\u0105zanych z dokonaniem p\u0142atno\u015bci.<\/li>\n\n<li>Wykonawca dok\u0142ada wszelkich stara\u0144, aby jego \u015bwiadczenia by\u0142y wykonane z nale\u017cyt\u0105 staranno\u015bci\u0105 oraz zobowi\u0105zuje si\u0119 do zachowania tajemnicy korespondencji i podejmowania dzia\u0142a\u0144 zabezpieczaj\u0105cych serwer przed dost\u0119pem os\u00f3b nieupowa\u017cnionych.<\/li><\/ol><\/li>\n\n<li>Postanowienia ko\u0144cowe.<ol class=\"wp-block-list\"><li>Przes\u0142anie przez Zamawiaj\u0105cego Formularza Zam\u00f3wienia jest r\u00f3wnoznaczne z akceptacj\u0105 Regulaminu.<\/li>\n\n<li>Regulamin nie narusza praw Zamawiaj\u0105cego wynikaj\u0105cych z przepis\u00f3w: ustawy z dnia 27 lipca 2002 r. o szczeg\u00f3lnych warunkach sprzeda\u017cy konsumenckiej oraz ustawy z dnia 23 kwietnia 1963 r.- Kodeks cywilny (Dz.U. Nr 16, poz. 93 ze zm.) o sprzeda\u017cy, gwarancji i r\u0119kojmi, ustawy z dnia 2 marca 2000 r. o ochronie niekt\u00f3rych praw konsument\u00f3w oraz o odpowiedzialno\u015bci za szkod\u0119 wyrz\u0105dzon\u0105 przez produkt niebezpieczny (Dz.U. nr 22, poz. 271 ze zm).<\/li>\n\n<li>W sprawach nieuregulowanych Regulaminem zastosowanie maj\u0105 przepisy prawa polskiego.<\/li>\n\n<li>Wykonawca uprawniony jest do zmiany Regulaminu. Wprowadzone zmiany staj\u0105 si\u0119 skuteczne z chwil\u0105 ich og\u0142oszenia na stronie internetowej \u201ewww.hypersens.pl\u201d. Zmiany Regulaminu nie dotycz\u0105 jednak\u017ce zam\u00f3wie\u0144 skutecznie z\u0142o\u017conych przed dat\u0105 ich og\u0142oszenia.<\/li><\/ol><\/li><\/ol>\n\n<p>The Regulations are valid from March 3, 2016.<\/p>\n\n<h2 class=\"wp-block-heading\">Personal data protection<\/h2>\n\n<p>Ladies and Gentlemen, in connection with the entry into force of the GDPR (Regulation (EU) 2016\/679 of the European Parliament and of the Council of 27 April 2016 on the protection of natural persons with regard to the processing of personal data and on the free movement of such data and repealing Directive 95 \/46\/EC) below we present the most important information regarding the protection of your personal data:<\/p>\n\n<ul class=\"wp-block-list\"><li class=\"translation-block\">Who is the administrator of your personal data? The administrator of your personal data is Hypersens sp. z o.o. based at ul. \u017b\u00f3\u0142kiewskiego 28\/32 in Toru\u0144 (87-100), entered into the register of entrepreneurs kept by the District Court in Toru\u0144, 7th Commercial Division of the National Court Register, KRS number: 0000574373, NIP: 9562312821, REGON: 362429381; with share capital of PLN 10,000. fully paid. E-mail address:\u00a0<a href=\"mailto:biuro@hypersens.pl\" target=\"_self\">biuro@hypersens.pl<\/a><\/li>\n\n<li>Wed\u0142ug jakich zasad przetwarzane b\u0119d\u0105 dane osobowe?W czasie przetwarzania danych osobowych stosujemy nast\u0119puj\u0105ce zasady:<ol class=\"wp-block-list\"><li>Legalno\u015bci \u2013 przetwarzanie danych osobowych mo\u017ce si\u0119 odbywa\u0107 wy\u0142\u0105cznie, gdy zaistnieje co najmniej jedna z przewidzianych prawem przes\u0142anek (np. zgoda osoby, od kt\u00f3rej dane pochodz\u0105);<\/li>\n\n<li>Celowo\u015bci \u2013 aby dane mog\u0142y by\u0107 przetwarzane, musi istnie\u0107 ku temu konkretny, wyra\u017any i prawnie uzasadniony cel. Je\u017celi przetwarzanie s\u0142u\u017cy r\u00f3\u017cnym celom, potrzebna jest zgoda\/podstawa na wszystkie cele.<\/li>\n\n<li>Adekwatno\u015bci \u2013 przetwarzamy tylko te dane, kt\u00f3re s\u0105 niezb\u0119dne ze wzgl\u0119du na cel ich zbierania;<\/li>\n\n<li>Merytorycznej poprawno\u015bci \u2013 Administrator danych jest zobowi\u0105zany do tego, aby dane przez niego zbierane by\u0142y poprawne i w razie potrzeby uaktualniane. Powinien ocenia\u0107 wiarygodno\u015b\u0107 \u017ar\u00f3d\u0142a pozyskania danych oraz wdro\u017cy\u0107 spos\u00f3b weryfikowania prawdziwo\u015bci przetwarzanych danych;<\/li>\n\n<li>Czasowo\u015bci \u2013 zasada ograniczenia przechowywania danych. Zgodnie z t\u0105 regu\u0142\u0105 nie przetwarzamy danych d\u0142u\u017cej ni\u017c jest to konieczne.<\/li>\n\n<li>Integralno\u015bci i poufno\u015bci danych \u2013 Pa\u0144stwa dane s\u0105 zabezpieczone za pomoc\u0105 odpowiednich \u015brodk\u00f3w technicznych i organizacyjnych. Dok\u0142adamy najwy\u017cszej mo\u017cliwej staranno\u015bci, by\u0107 chroni\u0107 przekazane informacje przed wszelkimi zagro\u017ceniami.<\/li><\/ol><\/li>\n\n<li>Jakie dane osobowe b\u0119dziemy przetwarza\u0107?Przetwarzamy m.in. nast\u0119puj\u0105ce kategorie danych osobowych:<ol class=\"wp-block-list\"><li>Dane osobowe naszych klient\u00f3w (os\u00f3b kt\u00f3re korzystaj\u0105 z naszych us\u0142ug)<ol class=\"wp-block-list\"><li>dane te przetwarzamy, a\u017ceby m\u00f3c zawrze\u0107 umow\u0119 oraz prawid\u0142owo j\u0105 wykona\u0107. Innymi s\u0142owy, sam fakt zawarcia umowy powoduje, \u017ce mamy prawo pos\u0142ugiwa\u0107 si\u0119 Pa\u0144stwa danymi, aby zrealizowa\u0107 zwi\u0105zane z umow\u0105 prawa i obowi\u0105zki;<\/li>\n\n<li>dane te, stosownie do sytuacji, mog\u0105 obejmowa\u0107:<ul class=\"wp-block-list\"><li>dane identyfikacyjne<\/li>\n\n<li>dane kontaktowe<\/li><\/ul><\/li>\n\n<li>podanie danych osobowych jest dobrowolne. Jednak odmowa ich podania (lub podanie danych nierzetelnych, nieprawdziwych) mo\u017ce uniemo\u017cliwi\u0107 zawarcie i prawid\u0142ow\u0105 realizacj\u0119 umowy.<\/li><\/ol><\/li>\n\n<li>Dane osobowe naszych kontrahent\u00f3w (dostawc\u00f3w us\u0142ug i towar\u00f3w):<ol class=\"wp-block-list\"><li>dane te zbieramy w celu zawarcia umowy oraz jej prawid\u0142owej realizacji;<\/li>\n\n<li>dane te, stosownie do sytuacji, mog\u0105 obejmowa\u0107:<ul class=\"wp-block-list\"><li>dane identyfikacyjne<\/li>\n\n<li>dane kontaktowe<\/li><\/ul><\/li><\/ol><\/li>\n\n<li>podanie danych osobowych jest dobrowolne. Jednak odmowa ich podania (lub podanie danych nierzetelnych, nieprawdziwych) uniemo\u017cliwi zawarcie i realizacj\u0119 umowy.<\/li><\/ol><\/li>\n\n<li>W jaki spos\u00f3b b\u0119dziemy post\u0119powa\u0107 z Pa\u0144stwa danymi?Pa\u0144stwa dane osobowe wykorzystujemy w celu dla kt\u00f3rego zosta\u0142y pozyskane. Ponadto, dane mog\u0105 zosta\u0107 wykorzystane do cel\u00f3w wynikaj\u0105cych zw.z prawnie uzasadnionych interes\u00f3w realizowanych przez Administratora<ul><li>zawarcie umowy<\/li><li>przeprowadzenie czynno\u015bci zwi\u0105zanych z realizacj\u0105 umowy<\/li><li>wykrywanie nadu\u017cy\u0107 i zapobiegania im<\/li><li>ustalanie, obrony i dochodzenia roszcze\u0144<\/li><li>tworzenia zestawie\u0144, analiz i statystyk<\/li><\/ul>Przetwarzane przez nas informacje nigdy nie trafi\u0105 w niepowo\u0142ane r\u0119ce. Nie b\u0119d\u0105 przedmiotem obrotu. Mog\u0105 natomiast zosta\u0107 przekazane do nast\u0119puj\u0105cych kategorii podmiot\u00f3w\/organ\u00f3w:<ul><li>podmioty\/organy upowa\u017cnione na podstawie przepis\u00f3w prawa<\/li><li>podmioty, kt\u00f3rym przekazanie danych osobowych jest niezb\u0119dne dla realizacji okre\u015blonej czynno\u015bci (np. realizacja p\u0142atno\u015bci, komunikacja itp.)<\/li><\/ul>A wi\u0119c w toku przetwarzania Pa\u0144stwa danych osobowych mog\u0105 bra\u0107 udzia\u0142 nas zaufani partnerzy (np. dostawcy us\u0142ug informatycznych, innego rodzaju podwykonawcy). Co kluczowe, ka\u017cdy podmiot, kt\u00f3ry pomaga nam w przetwarzaniu danych osobowych zosta\u0142 starannie zweryfikowany. Ka\u017cdy taki podmiot posiada zawart\u0105 z nami umow\u0119 powierzenia przetwarzania danych, kt\u00f3ra okre\u015bla wyra\u017anie jego obowi\u0105zki i zasady odpowiedzialno\u015bci.<\/li>\n\n<li>Jakie s\u0105 podstawy prawne przetwarzania Pa\u0144stwa danych osobowych?Zgodnie ze wskazan\u0105 powy\u017cej zasad\u0105 legalno\u015bci, przetwarzanie danych osobowych mo\u017ce si\u0119 odbywa\u0107 wy\u0142\u0105cznie, gdy zaistnieje co najmniej jedna z przewidzianych prawem przes\u0142anek.W naszej dzia\u0142alno\u015bci przes\u0142ank\u0105 uprawniaj\u0105c\u0105 nas do przetwarzania Pa\u0144stwa danych osobowych b\u0119dzie w szczeg\u00f3lno\u015bci:<ul class=\"wp-block-list\"><li>art. 6 ust. 1 punkt b RODO \u2013 a wi\u0119c, przetwarzanie danych osobowych jest niezb\u0119dne do wykonania umowy, kt\u00f3rej stron\u0105 jest osoba, kt\u00f3rej dane dotycz\u0105, lub do podj\u0119cia dzia\u0142a\u0144 na \u017c\u0105danie osoby, kt\u00f3rej dane dotycz\u0105, przed zawarciem umowy. Na podstawie tej przes\u0142anki b\u0119dziemy przetwarza\u0107 Pa\u0144stwa dane osobowe, kt\u00f3re s\u0105 niezb\u0119dne do tego, by zawrze\u0107 umow\u0119, a nast\u0119pnie, by j\u0105 prawid\u0142owo zrealizowa\u0107;<\/li>\n\n<li>art. 6 ust. 1 punkt f RODO \u2013 czyli, przetwarzanie jest niezb\u0119dne do cel\u00f3w wynikaj\u0105cych z prawnie uzasadnionych interes\u00f3w realizowanych przez administratora.<\/li><\/ul><\/li>\n\n<li>Jakie uprawnienia maj\u0105 osoby, kt\u00f3rych dane dotycz\u0105?Posiadaj\u0105 Pa\u0144stwo prawo:<ul><li>dost\u0119pu do tre\u015bci swoich danych i ich sprostowania,<\/li><li>usuni\u0119cia swoich danych,<\/li><li>ograniczenia przetwarzania,<\/li><li>prawo do przenoszenia danych lub uzyskania ich kopii,<\/li><li>prawo do cofni\u0119cia zgody w dowolnym momencie bez wp\u0142ywu na zgodno\u015b\u0107 z prawem przetwarzania,<\/li><li>prawo do sprzeciwu.<\/li><\/ul>W tym celu prosimy o kontakt pod adresem e-mail:\u00a0<a href=\"mailto:biuro@hypersens.pl\">biuro@hypersens.pl<\/a>Ka\u017cdy Pa\u0144stwa wniosek zostanie rzetelnie rozpoznany przez Administratora i spotka si\u0119 z odpowiedzi\u0105. Lojalnie zastrzegamy przy tym, i\u017c opisane powy\u017cej uprawnienia nie maj\u0105 charakteru absolutnego (w praktyce wi\u0119c mo\u017ce si\u0119 zdarzy\u0107, \u017ce pomimo Pa\u0144stwa \u017c\u0105dania, nie b\u0119dziemy mogli np. usun\u0105\u0107 danych, poniewa\u017c, zgodnie z liter\u0105 prawa, ich przetwarzanie b\u0119dzie nadal konieczne z uwagi na fakt realizacji umowy).Maj\u0105 Pa\u0144stwo r\u00f3wnie\u017c prawo wniesienia skargi do Prezesa Urz\u0119du Ochrony Danych Osobowych, w szczeg\u00f3lno\u015bci gdy uznaj\u0105 Pa\u0144stwo, i\u017c przetwarzanie danych osobowych narusza przepisy og\u00f3lnego rozporz\u0105dzenia o ochronie danych osobowych z dnia 27 kwietnia 2016 r.<\/li><\/ul><\/div><\/div>","protected":false},"excerpt":{"rendered":"<p>Regulamin zam\u00f3wienia Regulamin obowi\u0105zuje od dnia 03.03.2016 r. Ochrona danych osobowych Szanowni Pa\u0144stwo, w zwi\u0105zku z wej\u015bciem w \u017cycie RODO (Rozporz\u0105dzenia Parlamentu Europejskiego i Rady (UE) 2016\/679 z dnia 27 kwietnia 2016 r. w sprawie ochrony os\u00f3b fizycznych w zwi\u0105zku z przetwarzaniem danych osobowych i w sprawie swobodnego przep\u0142ywu takich danych oraz uchylenia dyrektywy 95\/46\/WE) [&hellip;]<\/p>","protected":false},"author":1,"featured_media":0,"parent":0,"menu_order":0,"comment_status":"closed","ping_status":"closed","template":"","meta":{"_eb_attr":"","_uag_custom_page_level_css":"","site-sidebar-layout":"default","site-content-layout":"","ast-site-content-layout":"default","site-content-style":"default","site-sidebar-style":"default","ast-global-header-display":"","ast-banner-title-visibility":"","ast-main-header-display":"","ast-hfb-above-header-display":"","ast-hfb-below-header-display":"","ast-hfb-mobile-header-display":"","site-post-title":"disabled","ast-breadcrumbs-content":"","ast-featured-img":"","footer-sml-layout":"","theme-transparent-header-meta":"","adv-header-id-meta":"","stick-header-meta":"","header-above-stick-meta":"","header-main-stick-meta":"","header-below-stick-meta":"","astra-migrate-meta-layouts":"set","ast-page-background-enabled":"default","ast-page-background-meta":{"desktop":{"background-color":"var(--ast-global-color-4)","background-image":"","background-repeat":"repeat","background-position":"center center","background-size":"auto","background-attachment":"scroll","background-type":"","background-media":"","overlay-type":"","overlay-color":"","overlay-opacity":"","overlay-gradient":""},"tablet":{"background-color":"","background-image":"","background-repeat":"repeat","background-position":"center center","background-size":"auto","background-attachment":"scroll","background-type":"","background-media":"","overlay-type":"","overlay-color":"","overlay-opacity":"","overlay-gradient":""},"mobile":{"background-color":"","background-image":"","background-repeat":"repeat","background-position":"center center","background-size":"auto","background-attachment":"scroll","background-type":"","background-media":"","overlay-type":"","overlay-color":"","overlay-opacity":"","overlay-gradient":""}},"ast-content-background-meta":{"desktop":{"background-color":"var(--ast-global-color-5)","background-image":"","background-repeat":"repeat","background-position":"center center","background-size":"auto","background-attachment":"scroll","background-type":"","background-media":"","overlay-type":"","overlay-color":"","overlay-opacity":"","overlay-gradient":""},"tablet":{"background-color":"var(--ast-global-color-5)","background-image":"","background-repeat":"repeat","background-position":"center center","background-size":"auto","background-attachment":"scroll","background-type":"","background-media":"","overlay-type":"","overlay-color":"","overlay-opacity":"","overlay-gradient":""},"mobile":{"background-color":"var(--ast-global-color-5)","background-image":"","background-repeat":"repeat","background-position":"center center","background-size":"auto","background-attachment":"scroll","background-type":"","background-media":"","overlay-type":"","overlay-color":"","overlay-opacity":"","overlay-gradient":""}},"footnotes":""},"class_list":["post-1734","page","type-page","status-publish","hentry"],"uagb_featured_image_src":{"full":false,"thumbnail":false,"medium":false,"medium_large":false,"large":false,"1536x1536":false,"2048x2048":false,"trp-custom-language-flag":false,"depicter-thumbnail":false,"woocommerce_thumbnail":false,"woocommerce_single":false,"woocommerce_gallery_thumbnail":false},"uagb_author_info":{"display_name":"admin","author_link":"https:\/\/www.hypersens.pl\/en\/author\/admin\/"},"uagb_comment_info":0,"uagb_excerpt":"Regulamin zam\u00f3wienia Regulamin obowi\u0105zuje od dnia 03.03.2016 r. Ochrona danych osobowych Szanowni Pa\u0144stwo, w zwi\u0105zku z wej\u015bciem w \u017cycie RODO (Rozporz\u0105dzenia Parlamentu Europejskiego i Rady (UE) 2016\/679 z dnia 27 kwietnia 2016 r. w sprawie ochrony os\u00f3b fizycznych w zwi\u0105zku z przetwarzaniem danych osobowych i w sprawie swobodnego przep\u0142ywu takich danych oraz uchylenia dyrektywy 95\/46\/WE)&hellip;","_links":{"self":[{"href":"https:\/\/www.hypersens.pl\/en\/wp-json\/wp\/v2\/pages\/1734","targetHints":{"allow":["GET"]}}],"collection":[{"href":"https:\/\/www.hypersens.pl\/en\/wp-json\/wp\/v2\/pages"}],"about":[{"href":"https:\/\/www.hypersens.pl\/en\/wp-json\/wp\/v2\/types\/page"}],"author":[{"embeddable":true,"href":"https:\/\/www.hypersens.pl\/en\/wp-json\/wp\/v2\/users\/1"}],"replies":[{"embeddable":true,"href":"https:\/\/www.hypersens.pl\/en\/wp-json\/wp\/v2\/comments?post=1734"}],"version-history":[{"count":3,"href":"https:\/\/www.hypersens.pl\/en\/wp-json\/wp\/v2\/pages\/1734\/revisions"}],"predecessor-version":[{"id":1744,"href":"https:\/\/www.hypersens.pl\/en\/wp-json\/wp\/v2\/pages\/1734\/revisions\/1744"}],"wp:attachment":[{"href":"https:\/\/www.hypersens.pl\/en\/wp-json\/wp\/v2\/media?parent=1734"}],"curies":[{"name":"wp","href":"https:\/\/api.w.org\/{rel}","templated":true}]}}