{"id":1736,"date":"2024-06-09T13:36:52","date_gmt":"2024-06-09T13:36:52","guid":{"rendered":"https:\/\/stronahypersens.cfolks.pl\/?page_id=1736"},"modified":"2024-06-09T13:50:42","modified_gmt":"2024-06-09T13:50:42","slug":"warunki-gwarancji","status":"publish","type":"page","link":"https:\/\/www.hypersens.pl\/en\/warunki-gwarancji\/","title":{"rendered":"Terms of warranty"},"content":{"rendered":"<div class=\"wp-block-uagb-container uagb-block-7f834569 alignfull uagb-is-root-container\"><div class=\"uagb-container-inner-blocks-wrap\"><h1 class=\"wp-block-heading\">General warranty conditions<\/h1>\n\n<ol class=\"wp-block-list\"><li>Hypersens Sp. z o. o. based in Toru\u0144, hereinafter referred to as the Manufacturer, ensures that the devices manufactured by it meet the currently applicable quality and safety standards and are compliant with current legal regulations.<\/li>\n\n<li>The manufacturer provides a warranty for the device and its components installed in the device and listed in the documentation.<\/li>\n\n<li>The manufacturer guarantees the quality of the device for a period of 12 months from the date of sale.<\/li>\n\n<li>Defects discovered during use of the device will be removed at the expense of the Manufacturer.<\/li>\n\n<li>The warranty does not cover maintenance and inspections of the device related to its use.<\/li>\n\n<li>Gwarancja nie obejmuje urz\u0105dze\u0144 z uszkodzeniami mechanicznymi lub elektrycznymi powsta\u0142ych bez udzia\u0142u Producenta, w szczeg\u00f3lno\u015bci:<ol class=\"wp-block-list\"><li>uszkodze\u0144 powsta\u0142ych w trakcie transportu,<\/li>\n\n<li>uszkodze\u0144 powsta\u0142ych w wyniku niew\u0142a\u015bciwego monta\u017cu i uruchomienia urz\u0105dzenia przez nabywc\u0119,<\/li>\n\n<li>uszkodze\u0144 powsta\u0142ych w wyniku niew\u0142a\u015bciwego u\u017cytkowania urz\u0105dzenia, u\u017cywania urz\u0105dzenia niezgodnie z instrukcj\u0105 obs\u0142ugi wzgl\u0119dnie niezgodnie z zasadami bezpiecze\u0144stwa,<\/li>\n\n<li>uszkodze\u0144 powsta\u0142ych w niestabilnej pracy sieci energetycznej,<\/li>\n\n<li>uszkodze\u0144 powsta\u0142ych w wyniku u\u017cytkowania urz\u0105dzenia (dotyczy sond hydrostatycznych oraz przetwornik\u00f3w ci\u015bnienia) w warunkach na kt\u00f3re produkt nie jest odporny. [opis materia\u0142\u00f3w poszczeg\u00f3lnych produkt\u00f3w znajduje si\u0119 w DTR],<\/li>\n\n<li>uszkodze\u0144 b\u0119d\u0105cych wynikiem zdarze\u0144 losowych, min tj:<ol class=\"wp-block-list\"><li>po\u017car<\/li>\n\n<li>uderzenie pioruna<\/li>\n\n<li>wybuch<\/li><\/ol><\/li><\/ol><\/li>\n\n<li>The warranty does not cover devices in which alterations, modifications, changes or repairs have been made by persons other than the Manufacturer.<\/li>\n\n<li>The warranty does not cover claims regarding the technical parameters of the device if they are consistent with the parameters specified in the device documentation.<\/li>\n\n<li>The manufacturer is not liable under this warranty if it is impossible to perform the repair due to the introduction of new legal standards or unforeseen circumstances that prevent it from being carried out.<\/li>\n\n<li>The manufacturer is not liable under this agreement in the event of import\/export restrictions imposed on spare parts of the device.<\/li>\n\n<li>The rights arising from this warranty may be exercised by the purchaser who, at the time of requesting the warranty service:<ol class=\"wp-block-list\"><li>Przedstawi dokument gwarancyjny (dow\u00f3d zakupu),<\/li>\n\n<li>Przeka\u017ce wadliwie dzia\u0142aj\u0105ce urz\u0105dzenie.<\/li><\/ol><\/li>\n\n<li>Warranty repairs are carried out at the manufacturer's headquarters.<\/li>\n\n<li>The purchaser of the device is obliged to send the defective device to the place of repair, together with an indication of any defects in its operation or damage resulting from proper use. The cost of shipping the device within the Republic of Poland is borne by the Manufacturer.<\/li>\n\n<li>Any damage resulting from transporting the defective device to the Manufacturer's headquarters is not covered by the warranty and is the responsibility of the Purchaser. The manufacturer is not responsible for the loss of the device during transport.<\/li>\n\n<li>A defective device sent to the Manufacturer for warranty repair must meet basic hygiene conditions. All activities undertaken by the Manufacturer and related to cleaning the device will be carried out for a fee, the payment of which will determine the warranty repair.<\/li>\n\n<li>The warranty repair will be carried out within a period no longer than 21 days from the date of receipt of the defective device by the Manufacturer. This deadline may be extended, but this requires prior arrangement with the Buyer.<\/li>\n\n<li>Wymiana urz\u0105dzenia na nowe mo\u017cliwe b\u0119dzie w przypadku:<ol class=\"wp-block-list\"><li>Dwukrotnego zg\u0142oszenia wady urz\u0105dzenia przez Nabywc\u0119,<\/li>\n\n<li>Wycofania modelu z produkcji (w tym przypadku Producent wymieni urz\u0105dzenie na inne o parametrach zbli\u017conych do urz\u0105dzenia wymienianego).<\/li><\/ol><\/li>\n\n<li>The replaced device or its components subject to replacement under warranty service become the property of the Manufacturer.<\/li>\n\n<li>The Buyer's rights under the warranty do not include claims for compensation for benefits lost due to device failure.<\/li>\n\n<li>The manufacturer is not liable for any health damage resulting from improper installation or use of the device.<\/li>\n\n<li>In matters not regulated in this document, the relevant provisions of the Civil Code shall apply.<\/li><\/ol><\/div><\/div>","protected":false},"excerpt":{"rendered":"<p>General warranty conditions<\/p>","protected":false},"author":1,"featured_media":0,"parent":0,"menu_order":0,"comment_status":"closed","ping_status":"closed","template":"","meta":{"_eb_attr":"","_uag_custom_page_level_css":"","site-sidebar-layout":"default","site-content-layout":"","ast-site-content-layout":"default","site-content-style":"default","site-sidebar-style":"default","ast-global-header-display":"","ast-banner-title-visibility":"","ast-main-header-display":"","ast-hfb-above-header-display":"","ast-hfb-below-header-display":"","ast-hfb-mobile-header-display":"","site-post-title":"disabled","ast-breadcrumbs-content":"","ast-featured-img":"","footer-sml-layout":"","theme-transparent-header-meta":"","adv-header-id-meta":"","stick-header-meta":"","header-above-stick-meta":"","header-main-stick-meta":"","header-below-stick-meta":"","astra-migrate-meta-layouts":"set","ast-page-background-enabled":"default","ast-page-background-meta":{"desktop":{"background-color":"var(--ast-global-color-4)","background-image":"","background-repeat":"repeat","background-position":"center center","background-size":"auto","background-attachment":"scroll","background-type":"","background-media":"","overlay-type":"","overlay-color":"","overlay-opacity":"","overlay-gradient":""},"tablet":{"background-color":"","background-image":"","background-repeat":"repeat","background-position":"center center","background-size":"auto","background-attachment":"scroll","background-type":"","background-media":"","overlay-type":"","overlay-color":"","overlay-opacity":"","overlay-gradient":""},"mobile":{"background-color":"","background-image":"","background-repeat":"repeat","background-position":"center center","background-size":"auto","background-attachment":"scroll","background-type":"","background-media":"","overlay-type":"","overlay-color":"","overlay-opacity":"","overlay-gradient":""}},"ast-content-background-meta":{"desktop":{"background-color":"var(--ast-global-color-5)","background-image":"","background-repeat":"repeat","background-position":"center center","background-size":"auto","background-attachment":"scroll","background-type":"","background-media":"","overlay-type":"","overlay-color":"","overlay-opacity":"","overlay-gradient":""},"tablet":{"background-color":"var(--ast-global-color-5)","background-image":"","background-repeat":"repeat","background-position":"center center","background-size":"auto","background-attachment":"scroll","background-type":"","background-media":"","overlay-type":"","overlay-color":"","overlay-opacity":"","overlay-gradient":""},"mobile":{"background-color":"var(--ast-global-color-5)","background-image":"","background-repeat":"repeat","background-position":"center center","background-size":"auto","background-attachment":"scroll","background-type":"","background-media":"","overlay-type":"","overlay-color":"","overlay-opacity":"","overlay-gradient":""}},"footnotes":""},"class_list":["post-1736","page","type-page","status-publish","hentry"],"uagb_featured_image_src":{"full":false,"thumbnail":false,"medium":false,"medium_large":false,"large":false,"1536x1536":false,"2048x2048":false,"trp-custom-language-flag":false,"depicter-thumbnail":false,"woocommerce_thumbnail":false,"woocommerce_single":false,"woocommerce_gallery_thumbnail":false},"uagb_author_info":{"display_name":"admin","author_link":"https:\/\/www.hypersens.pl\/en\/author\/admin\/"},"uagb_comment_info":0,"uagb_excerpt":"Og\u00f3lne warunki gwarancji","_links":{"self":[{"href":"https:\/\/www.hypersens.pl\/en\/wp-json\/wp\/v2\/pages\/1736","targetHints":{"allow":["GET"]}}],"collection":[{"href":"https:\/\/www.hypersens.pl\/en\/wp-json\/wp\/v2\/pages"}],"about":[{"href":"https:\/\/www.hypersens.pl\/en\/wp-json\/wp\/v2\/types\/page"}],"author":[{"embeddable":true,"href":"https:\/\/www.hypersens.pl\/en\/wp-json\/wp\/v2\/users\/1"}],"replies":[{"embeddable":true,"href":"https:\/\/www.hypersens.pl\/en\/wp-json\/wp\/v2\/comments?post=1736"}],"version-history":[{"count":2,"href":"https:\/\/www.hypersens.pl\/en\/wp-json\/wp\/v2\/pages\/1736\/revisions"}],"predecessor-version":[{"id":1741,"href":"https:\/\/www.hypersens.pl\/en\/wp-json\/wp\/v2\/pages\/1736\/revisions\/1741"}],"wp:attachment":[{"href":"https:\/\/www.hypersens.pl\/en\/wp-json\/wp\/v2\/media?parent=1736"}],"curies":[{"name":"wp","href":"https:\/\/api.w.org\/{rel}","templated":true}]}}