{"id":1666,"date":"2024-06-08T10:29:30","date_gmt":"2024-06-08T10:29:30","guid":{"rendered":"https:\/\/stronahypersens.cfolks.pl\/?post_type=product&#038;p=1666"},"modified":"2026-02-04T12:05:55","modified_gmt":"2026-02-04T12:05:55","slug":"sonda-hydrostatyczna-hs-25","status":"publish","type":"product","link":"https:\/\/www.hypersens.pl\/en\/product\/sonda-hydrostatyczna-hs-25\/","title":{"rendered":"SONDA HYDROSTATYCZNA HS-25"},"content":{"rendered":"<p><a href=\"https:\/\/www.hypersens.pl\/wp-content\/uploads\/2024\/12\/karta-produktu-hs25new-1.pdf\">Product card<\/a><br \/>\n<a href=\"https:\/\/www.hypersens.pl\/wp-content\/uploads\/2025\/12\/HS-25-karta-produktu.pdf\">Instruction<\/a><br \/>\n<a href=\"https:\/\/www.hypersens.pl\/wp-content\/uploads\/2026\/02\/Dekalracja-zgodnosci-CE-HS.pdf\">CE declaration<\/a><strong><br \/>\n<\/strong><a href=\"https:\/\/www.hypersens.pl\/wp-content\/uploads\/2025\/12\/Atest-PZH-2028.pdf\">Atest PZH<\/a><br \/>\n<a href=\"https:\/\/www.hypersens.pl\/en\/warunki-gwarancji\/\">General warranty conditions<\/a><\/p>\n<h2>Hydrostatyczna sonda g\u0142\u0119boko\u015bci serii HS-25 \u2013 precyzyjny pomiar poziomu cieczy<\/h2>\n<p>HS-25 to zaawansowane urz\u0105dzenie przeznaczone do ci\u0105g\u0142ego monitorowania stanu cieczy czystych. Dzi\u0119ki swojej precyzji sonda hydrostatyczna z tej serii znalaz\u0142a szerokie zastosowanie w r\u00f3\u017cnorodnych instalacjach, takich jak studnie g\u0142\u0119binowe, zbiorniki nieci\u015bnieniowe, a tak\u017ce inne miejsca wymagaj\u0105ce sta\u0142ej kontroli. Czujnik poziomu wody w tym modelu zapewnia nie tylko dok\u0142adno\u015b\u0107, ale tak\u017ce niezawodno\u015b\u0107 dzia\u0142ania w trudnych warunkach.<\/p>\n<h2>Dok\u0142adny czujnik poziomu wody \u2013 membrana separacyjna<\/h2>\n<p>G\u0142\u00f3wn\u0105 zalet\u0105 sondy hydrostatycznej poziomu w\u00f3d jest precyzyjny pomiar, mo\u017cliwy dzi\u0119ki czujnikowi z membran\u0105 separacyjn\u0105. To nowoczesne rozwi\u0105zanie minimalizuje wp\u0142yw zak\u0142\u00f3ce\u0144 zewn\u0119trznych, takich jak zmiany ci\u015bnienia czy temperatury, co sprawia, \u017ce wska\u017anik poziomu cieczy dzia\u0142a z niezmienn\u0105 dok\u0142adno\u015bci\u0105. Sonda hydrostatyczna serii HS-25 oferuje r\u00f3wnie\u017c mo\u017cliwo\u015b\u0107 pomiaru w zakresie do 100 mH2O, nadaj\u0105c si\u0119 tym samym do r\u00f3\u017cnorodnych zastosowa\u0144.<\/p>\n<h2>Solidny i bezpieczny wska\u017anik poziomu cieczy<\/h2>\n<p>Oferowane urz\u0105dzenie charakteryzuje si\u0119 tak\u017ce wysok\u0105 odporno\u015bci\u0105, trwa\u0142o\u015bci\u0105 oraz niezawodno\u015bci\u0105, dzi\u0119ki czemu jest idealnym wyborem dla wymagaj\u0105cych instalacji.<\/p>\n<p>Proponowana przez nas hydrostatyczna sonda g\u0142\u0119boko\u015bci wyposa\u017cona jest w uk\u0142ad zabezpieczaj\u0105cy, zwi\u0119kszaj\u0105cy jej niezawodno\u015b\u0107 podczas pracy, a tak\u017ce bezpiecze\u0144stwo os\u00f3b j\u0105 obs\u0142uguj\u0105cych.<\/p>\n<h2>Sonda hydrostatyczna \u2013 wska\u017anik poziomu cieczy dost\u0119pny od r\u0119ki<\/h2>\n<p>Czujnik jest dost\u0119pny w naszym sklepie, dzi\u0119ki czemu istnieje mo\u017cliwo\u015b\u0107 szybkiego nabycia oraz zastosowania sprz\u0119tu w r\u00f3\u017cnorodnych systemach monitorowania poziomu cieczy. Zakup urz\u0105dzenia jest atrakcyjn\u0105 opcj\u0105 zar\u00f3wno dla klient\u00f3w indywidualnych, jak i przemys\u0142owych.<\/p>\n<p>Dzi\u0119ki swojej wszechstronno\u015bci sonda g\u0142\u0119boko\u015bci HS-25 jest jednym z najlepszych rozwi\u0105za\u0144 na rynku, spe\u0142niaj\u0105cym r\u00f3\u017cnorodne potrzeby zwi\u0105zane z pomiarem poziomu wody, jak r\u00f3wnie\u017c innych cieczy.<\/p>\n<p>Zach\u0119camy do kontaktu! Nasi specjali\u015bci ch\u0119tnie odpowiedz\u0105 na Pa\u0144stwa pytania.<\/p>","protected":false},"excerpt":{"rendered":"<p>Karta produktu Instrukcja Deklaracja CE Atest PZH Og\u00f3lne warunki gwarancji Hydrostatyczna sonda g\u0142\u0119boko\u015bci serii HS-25 \u2013 precyzyjny pomiar poziomu cieczy HS-25 to zaawansowane urz\u0105dzenie przeznaczone do ci\u0105g\u0142ego monitorowania stanu cieczy czystych. Dzi\u0119ki swojej precyzji sonda hydrostatyczna z tej serii znalaz\u0142a szerokie zastosowanie w r\u00f3\u017cnorodnych instalacjach, takich jak studnie g\u0142\u0119binowe, zbiorniki nieci\u015bnieniowe, a tak\u017ce inne miejsca [&hellip;]<\/p>","protected":false},"featured_media":1711,"template":"","meta":{"_eb_attr":"","_uag_custom_page_level_css":"","site-sidebar-layout":"default","site-content-layout":"","ast-site-content-layout":"default","site-content-style":"default","site-sidebar-style":"default","ast-global-header-display":"","ast-banner-title-visibility":"","ast-main-header-display":"","ast-hfb-above-header-display":"","ast-hfb-below-header-display":"","ast-hfb-mobile-header-display":"","site-post-title":"","ast-breadcrumbs-content":"","ast-featured-img":"","footer-sml-layout":"","theme-transparent-header-meta":"default","adv-header-id-meta":"","stick-header-meta":"","header-above-stick-meta":"","header-main-stick-meta":"","header-below-stick-meta":"","astra-migrate-meta-layouts":"set","ast-page-background-enabled":"default","ast-page-background-meta":{"desktop":{"background-color":"var(--ast-global-color-4)","background-image":"","background-repeat":"repeat","background-position":"center center","background-size":"auto","background-attachment":"scroll","background-type":"","background-media":"","overlay-type":"","overlay-color":"","overlay-opacity":"","overlay-gradient":""},"tablet":{"background-color":"","background-image":"","background-repeat":"repeat","background-position":"center center","background-size":"auto","background-attachment":"scroll","background-type":"","background-media":"","overlay-type":"","overlay-color":"","overlay-opacity":"","overlay-gradient":""},"mobile":{"background-color":"","background-image":"","background-repeat":"repeat","background-position":"center center","background-size":"auto","background-attachment":"scroll","background-type":"","background-media":"","overlay-type":"","overlay-color":"","overlay-opacity":"","overlay-gradient":""}},"ast-content-background-meta":{"desktop":{"background-color":"var(--ast-global-color-5)","background-image":"","background-repeat":"repeat","background-position":"center center","background-size":"auto","background-attachment":"scroll","background-type":"","background-media":"","overlay-type":"","overlay-color":"","overlay-opacity":"","overlay-gradient":""},"tablet":{"background-color":"var(--ast-global-color-5)","background-image":"","background-repeat":"repeat","background-position":"center center","background-size":"auto","background-attachment":"scroll","background-type":"","background-media":"","overlay-type":"","overlay-color":"","overlay-opacity":"","overlay-gradient":""},"mobile":{"background-color":"var(--ast-global-color-5)","background-image":"","background-repeat":"repeat","background-position":"center center","background-size":"auto","background-attachment":"scroll","background-type":"","background-media":"","overlay-type":"","overlay-color":"","overlay-opacity":"","overlay-gradient":""}}},"product_brand":[],"product_cat":[32],"product_tag":[],"class_list":{"0":"post-1666","1":"product","2":"type-product","3":"status-publish","4":"has-post-thumbnail","6":"product_cat-sondy-hydrostatyczne","7":"desktop-align-left","8":"tablet-align-left","9":"mobile-align-left","11":"first","12":"instock","13":"downloadable","14":"taxable","15":"shipping-taxable","16":"purchasable","17":"product-type-simple"},"uagb_featured_image_src":{"full":["https:\/\/www.hypersens.pl\/wp-content\/uploads\/2024\/06\/Sonda-HS-25-3.png",541,541,false],"thumbnail":["https:\/\/www.hypersens.pl\/wp-content\/uploads\/2024\/06\/Sonda-HS-25-3-150x150.png",150,150,true],"medium":["https:\/\/www.hypersens.pl\/wp-content\/uploads\/2024\/06\/Sonda-HS-25-3-300x300.png",300,300,true],"medium_large":["https:\/\/www.hypersens.pl\/wp-content\/uploads\/2024\/06\/Sonda-HS-25-3.png",541,541,false],"large":["https:\/\/www.hypersens.pl\/wp-content\/uploads\/2024\/06\/Sonda-HS-25-3.png",541,541,false],"1536x1536":["https:\/\/www.hypersens.pl\/wp-content\/uploads\/2024\/06\/Sonda-HS-25-3.png",541,541,false],"2048x2048":["https:\/\/www.hypersens.pl\/wp-content\/uploads\/2024\/06\/Sonda-HS-25-3.png",541,541,false],"trp-custom-language-flag":["https:\/\/www.hypersens.pl\/wp-content\/uploads\/2024\/06\/Sonda-HS-25-3.png",12,12,false],"depicter-thumbnail":["https:\/\/www.hypersens.pl\/wp-content\/uploads\/2024\/06\/Sonda-HS-25-3-200x200.png",200,200,true],"woocommerce_thumbnail":["https:\/\/www.hypersens.pl\/wp-content\/uploads\/2024\/06\/Sonda-HS-25-3-300x300.png",300,300,true],"woocommerce_single":["https:\/\/www.hypersens.pl\/wp-content\/uploads\/2024\/06\/Sonda-HS-25-3.png",541,541,false],"woocommerce_gallery_thumbnail":["https:\/\/www.hypersens.pl\/wp-content\/uploads\/2024\/06\/Sonda-HS-25-3-100x100.png",100,100,true]},"uagb_author_info":{"display_name":"admin","author_link":"https:\/\/www.hypersens.pl\/en\/author\/"},"uagb_comment_info":0,"uagb_excerpt":"Karta produktu Instrukcja Deklaracja CE Atest PZH Og\u00f3lne warunki gwarancji Hydrostatyczna sonda g\u0142\u0119boko\u015bci serii HS-25 \u2013 precyzyjny pomiar poziomu cieczy HS-25 to zaawansowane urz\u0105dzenie przeznaczone do ci\u0105g\u0142ego monitorowania stanu cieczy czystych. Dzi\u0119ki swojej precyzji sonda hydrostatyczna z tej serii znalaz\u0142a szerokie zastosowanie w r\u00f3\u017cnorodnych instalacjach, takich jak studnie g\u0142\u0119binowe, zbiorniki nieci\u015bnieniowe, a tak\u017ce inne miejsca&hellip;","_links":{"self":[{"href":"https:\/\/www.hypersens.pl\/en\/wp-json\/wp\/v2\/product\/1666","targetHints":{"allow":["GET"]}}],"collection":[{"href":"https:\/\/www.hypersens.pl\/en\/wp-json\/wp\/v2\/product"}],"about":[{"href":"https:\/\/www.hypersens.pl\/en\/wp-json\/wp\/v2\/types\/product"}],"wp:featuredmedia":[{"embeddable":true,"href":"https:\/\/www.hypersens.pl\/en\/wp-json\/wp\/v2\/media\/1711"}],"wp:attachment":[{"href":"https:\/\/www.hypersens.pl\/en\/wp-json\/wp\/v2\/media?parent=1666"}],"wp:term":[{"taxonomy":"product_brand","embeddable":true,"href":"https:\/\/www.hypersens.pl\/en\/wp-json\/wp\/v2\/product_brand?post=1666"},{"taxonomy":"product_cat","embeddable":true,"href":"https:\/\/www.hypersens.pl\/en\/wp-json\/wp\/v2\/product_cat?post=1666"},{"taxonomy":"product_tag","embeddable":true,"href":"https:\/\/www.hypersens.pl\/en\/wp-json\/wp\/v2\/product_tag?post=1666"}],"curies":[{"name":"wp","href":"https:\/\/api.w.org\/{rel}","templated":true}]}}