{"id":1798,"date":"2024-06-16T12:56:17","date_gmt":"2024-06-16T12:56:17","guid":{"rendered":"https:\/\/stronahypersens.cfolks.pl\/?post_type=product&#038;p=1798"},"modified":"2026-02-04T12:07:10","modified_gmt":"2026-02-04T12:07:10","slug":"przetwornik-cisnienia","status":"publish","type":"product","link":"https:\/\/www.hypersens.pl\/en\/product\/przetwornik-cisnienia\/","title":{"rendered":"PRESSURE TRANSMITTER"},"content":{"rendered":"<p><a href=\"https:\/\/www.hypersens.pl\/wp-content\/uploads\/2025\/12\/PS-Ie_Ve-karta-produktu.pdf\">Product card<\/a><br \/>\n<a href=\"https:\/\/www.hypersens.pl\/wp-content\/uploads\/2024\/11\/ps-dtr.pdf\">Instruction<\/a><br \/>\n<a href=\"https:\/\/www.hypersens.pl\/wp-content\/uploads\/2026\/02\/Dekalracja-zgodnosci-CE-PS.pdf\">CE declaration<\/a><strong><br \/>\n<\/strong><a href=\"https:\/\/www.hypersens.pl\/wp-content\/uploads\/2025\/12\/Atest-PZH-2028.pdf\">Atest PZH<\/a><br \/>\n<a href=\"https:\/\/www.hypersens.pl\/en\/warunki-gwarancji\/\">General warranty conditions<\/a><\/p>\n<h2>Ekonomiczny przetwornik ci\u015bnienia serii PS-Ie<\/h2>\n<p>Przetwornik ci\u015bnienia serii PS-Ie to niezawodne oraz precyzyjne urz\u0105dzenie pomiarowe, kt\u00f3re charakteryzuje si\u0119 sygna\u0142em wyj\u015bciowym pr\u0105dowym 4-20 mA oraz napi\u0119ciowym 0-10 V. Wyposa\u017cony w standardow\u0105 wtyczk\u0119 k\u0105tow\u0105 zgodn\u0105 z norm\u0105 DIN 43650, a tak\u017ce procesowe przy\u0142\u0105cze o wymiarach 1\/2\u2033, zapewnia uniwersalno\u015b\u0107, jak r\u00f3wnie\u017c \u0142atwo\u015b\u0107 monta\u017cu. Dla wi\u0119kszej elastyczno\u015bci dost\u0119pne s\u0105 te\u017c wersje z przy\u0142\u0105czami procesowymi 1\/4\u2033, 1\u2033 oraz M20x1.5, co umo\u017cliwia dopasowanie urz\u0105dzenia do r\u00f3\u017cnorodnych zastosowa\u0144 przemys\u0142owych.<\/p>\n<h2>Przetwornik ci\u015bnienia \u2013 dok\u0142adny i szeroki zakres pomiarowy (4-20 mA, 0-10 V)<\/h2>\n<p>Przetwornik ci\u015bnienia (4-20 mA, 0-10 V) PS-Ie oferuje wyj\u0105tkow\u0105 precyzj\u0119 pomiaru, co czyni go idealnym narz\u0119dziem do monitorowania proces\u00f3w technologicznych, gdzie wymagana jest wysoka dok\u0142adno\u015b\u0107. Dzi\u0119ki szerokiemu zakresowi dost\u0119pnych warto\u015bci pomiarowych mo\u017cna dostosowa\u0107 urz\u0105dzenie do specyficznych potrzeb. Dodatkowo zapewnia ono stabilny, a tak\u017ce ci\u0105g\u0142y sygna\u0142, istotny w precyzyjnych aplikacjach.<\/p>\n<p>Sprz\u0119t tej serii charakteryzuje si\u0119 r\u00f3wnie\u017c mo\u017cliwo\u015bci\u0105 wyboru dowolnego zakresu pomiarowego, co czyni go wszechstronnym rozwi\u0105zaniem. Mog\u0105 zdecydowa\u0107 si\u0119 Pa\u0144stwo na nasz\u0105 propozycj\u0119, je\u015bli potrzebujecie przetwornika ci\u015bnienia, kt\u00f3ry jest w stanie sprosta\u0107 wymaganiom zar\u00f3wno w standardowych, jak i specjalistycznych aplikacjach.<\/p>\n<h2>Wbudowany uk\u0142ad zabezpieczaj\u0105cy<\/h2>\n<p>Przetwornik ci\u015bnienia serii PS-Ie wyposa\u017cony jest we wbudowany uk\u0142ad zabezpieczaj\u0105cy, kt\u00f3ry chroni go przed przeci\u0105\u017ceniem oraz zak\u0142\u00f3ceniami elektrycznymi. To rozwi\u0105zanie nie tylko zwi\u0119ksza trwa\u0142o\u015b\u0107 urz\u0105dzenia, ale tak\u017ce zapewnia bezpieczne u\u017cytkowanie w aplikacjach przemys\u0142owych.<\/p>\n<h2>Przetwornik ci\u015bnienia PS-le \u2013 solidna konstrukcja<\/h2>\n<p>Warto tak\u017ce wspomnie\u0107, \u017ce jednym z g\u0142\u00f3wnych atut\u00f3w przetwornika jest jego solidna konstrukcja, gwarantuj\u0105ca wysok\u0105 odporno\u015b\u0107 na szkodliwe dzia\u0142anie warunk\u00f3w atmosferycznych oraz \u015brodowiska przemys\u0142owego. Trwa\u0142o\u015b\u0107 materia\u0142\u00f3w, jak r\u00f3wnie\u017c precyzyjne wykonanie zapewniaj\u0105 bezawaryjne u\u017cytkowanie nawet w trudnych warunkach pracy. Przetworniki ci\u015bnienia oferowane przez nas s\u0105 idealnymi rozwi\u0105zaniami do zastosowa\u0144, gdzie niezawodno\u015b\u0107 dzia\u0142ania jest kluczowa dla utrzymania ci\u0105g\u0142o\u015bci proces\u00f3w.<\/p>\n<p>Zach\u0119camy do skorzystania z naszej oferty! Zapewniamy najwy\u017cszej jako\u015bci sprz\u0119t. Nasi specjali\u015bci zawsze ch\u0119tnie s\u0142u\u017c\u0105 pomoc\u0105 oraz doradztwem technicznym w kwestii wyboru przetwornika ci\u015bnienia. Zapraszamy do kontaktu!<\/p>","protected":false},"excerpt":{"rendered":"<p>Karta produktu Instrukcja Deklaracja CE Atest PZH Og\u00f3lne warunki gwarancji Ekonomiczny przetwornik ci\u015bnienia serii PS-Ie Przetwornik ci\u015bnienia serii PS-Ie to niezawodne oraz precyzyjne urz\u0105dzenie pomiarowe, kt\u00f3re charakteryzuje si\u0119 sygna\u0142em wyj\u015bciowym pr\u0105dowym 4-20 mA oraz napi\u0119ciowym 0-10 V. Wyposa\u017cony w standardow\u0105 wtyczk\u0119 k\u0105tow\u0105 zgodn\u0105 z norm\u0105 DIN 43650, a tak\u017ce procesowe przy\u0142\u0105cze o wymiarach 1\/2\u2033, zapewnia [&hellip;]<\/p>","protected":false},"featured_media":1799,"template":"","meta":{"_eb_attr":"","_uag_custom_page_level_css":"","site-sidebar-layout":"default","site-content-layout":"","ast-site-content-layout":"default","site-content-style":"default","site-sidebar-style":"default","ast-global-header-display":"","ast-banner-title-visibility":"","ast-main-header-display":"","ast-hfb-above-header-display":"","ast-hfb-below-header-display":"","ast-hfb-mobile-header-display":"","site-post-title":"","ast-breadcrumbs-content":"","ast-featured-img":"","footer-sml-layout":"","theme-transparent-header-meta":"default","adv-header-id-meta":"","stick-header-meta":"","header-above-stick-meta":"","header-main-stick-meta":"","header-below-stick-meta":"","astra-migrate-meta-layouts":"set","ast-page-background-enabled":"default","ast-page-background-meta":{"desktop":{"background-color":"var(--ast-global-color-4)","background-image":"","background-repeat":"repeat","background-position":"center center","background-size":"auto","background-attachment":"scroll","background-type":"","background-media":"","overlay-type":"","overlay-color":"","overlay-opacity":"","overlay-gradient":""},"tablet":{"background-color":"","background-image":"","background-repeat":"repeat","background-position":"center center","background-size":"auto","background-attachment":"scroll","background-type":"","background-media":"","overlay-type":"","overlay-color":"","overlay-opacity":"","overlay-gradient":""},"mobile":{"background-color":"","background-image":"","background-repeat":"repeat","background-position":"center center","background-size":"auto","background-attachment":"scroll","background-type":"","background-media":"","overlay-type":"","overlay-color":"","overlay-opacity":"","overlay-gradient":""}},"ast-content-background-meta":{"desktop":{"background-color":"var(--ast-global-color-5)","background-image":"","background-repeat":"repeat","background-position":"center center","background-size":"auto","background-attachment":"scroll","background-type":"","background-media":"","overlay-type":"","overlay-color":"","overlay-opacity":"","overlay-gradient":""},"tablet":{"background-color":"var(--ast-global-color-5)","background-image":"","background-repeat":"repeat","background-position":"center center","background-size":"auto","background-attachment":"scroll","background-type":"","background-media":"","overlay-type":"","overlay-color":"","overlay-opacity":"","overlay-gradient":""},"mobile":{"background-color":"var(--ast-global-color-5)","background-image":"","background-repeat":"repeat","background-position":"center center","background-size":"auto","background-attachment":"scroll","background-type":"","background-media":"","overlay-type":"","overlay-color":"","overlay-opacity":"","overlay-gradient":""}}},"product_brand":[],"product_cat":[37],"product_tag":[],"class_list":{"0":"post-1798","1":"product","2":"type-product","3":"status-publish","4":"has-post-thumbnail","6":"product_cat-przetworniki-cisnienia","7":"desktop-align-left","8":"tablet-align-left","9":"mobile-align-left","11":"first","12":"instock","13":"downloadable","14":"taxable","15":"shipping-taxable","16":"purchasable","17":"product-type-simple"},"uagb_featured_image_src":{"full":["https:\/\/www.hypersens.pl\/wp-content\/uploads\/2024\/06\/przetwornik-cisnienia-ps-g050.png",300,300,false],"thumbnail":["https:\/\/www.hypersens.pl\/wp-content\/uploads\/2024\/06\/przetwornik-cisnienia-ps-g050-150x150.png",150,150,true],"medium":["https:\/\/www.hypersens.pl\/wp-content\/uploads\/2024\/06\/przetwornik-cisnienia-ps-g050.png",300,300,false],"medium_large":["https:\/\/www.hypersens.pl\/wp-content\/uploads\/2024\/06\/przetwornik-cisnienia-ps-g050.png",300,300,false],"large":["https:\/\/www.hypersens.pl\/wp-content\/uploads\/2024\/06\/przetwornik-cisnienia-ps-g050.png",300,300,false],"1536x1536":["https:\/\/www.hypersens.pl\/wp-content\/uploads\/2024\/06\/przetwornik-cisnienia-ps-g050.png",300,300,false],"2048x2048":["https:\/\/www.hypersens.pl\/wp-content\/uploads\/2024\/06\/przetwornik-cisnienia-ps-g050.png",300,300,false],"trp-custom-language-flag":["https:\/\/www.hypersens.pl\/wp-content\/uploads\/2024\/06\/przetwornik-cisnienia-ps-g050-12x12.png",12,12,true],"depicter-thumbnail":["https:\/\/www.hypersens.pl\/wp-content\/uploads\/2024\/06\/przetwornik-cisnienia-ps-g050-200x200.png",200,200,true],"woocommerce_thumbnail":["https:\/\/www.hypersens.pl\/wp-content\/uploads\/2024\/06\/przetwornik-cisnienia-ps-g050.png",300,300,false],"woocommerce_single":["https:\/\/www.hypersens.pl\/wp-content\/uploads\/2024\/06\/przetwornik-cisnienia-ps-g050.png",300,300,false],"woocommerce_gallery_thumbnail":["https:\/\/www.hypersens.pl\/wp-content\/uploads\/2024\/06\/przetwornik-cisnienia-ps-g050-100x100.png",100,100,true]},"uagb_author_info":{"display_name":"admin","author_link":"https:\/\/www.hypersens.pl\/en\/author\/"},"uagb_comment_info":0,"uagb_excerpt":"Karta produktu Instrukcja Deklaracja CE Atest PZH Og\u00f3lne warunki gwarancji Ekonomiczny przetwornik ci\u015bnienia serii PS-Ie Przetwornik ci\u015bnienia serii PS-Ie to niezawodne oraz precyzyjne urz\u0105dzenie pomiarowe, kt\u00f3re charakteryzuje si\u0119 sygna\u0142em wyj\u015bciowym pr\u0105dowym 4-20 mA oraz napi\u0119ciowym 0-10 V. Wyposa\u017cony w standardow\u0105 wtyczk\u0119 k\u0105tow\u0105 zgodn\u0105 z norm\u0105 DIN 43650, a tak\u017ce procesowe przy\u0142\u0105cze o wymiarach 1\/2\u2033, zapewnia&hellip;","_links":{"self":[{"href":"https:\/\/www.hypersens.pl\/en\/wp-json\/wp\/v2\/product\/1798","targetHints":{"allow":["GET"]}}],"collection":[{"href":"https:\/\/www.hypersens.pl\/en\/wp-json\/wp\/v2\/product"}],"about":[{"href":"https:\/\/www.hypersens.pl\/en\/wp-json\/wp\/v2\/types\/product"}],"wp:featuredmedia":[{"embeddable":true,"href":"https:\/\/www.hypersens.pl\/en\/wp-json\/wp\/v2\/media\/1799"}],"wp:attachment":[{"href":"https:\/\/www.hypersens.pl\/en\/wp-json\/wp\/v2\/media?parent=1798"}],"wp:term":[{"taxonomy":"product_brand","embeddable":true,"href":"https:\/\/www.hypersens.pl\/en\/wp-json\/wp\/v2\/product_brand?post=1798"},{"taxonomy":"product_cat","embeddable":true,"href":"https:\/\/www.hypersens.pl\/en\/wp-json\/wp\/v2\/product_cat?post=1798"},{"taxonomy":"product_tag","embeddable":true,"href":"https:\/\/www.hypersens.pl\/en\/wp-json\/wp\/v2\/product_tag?post=1798"}],"curies":[{"name":"wp","href":"https:\/\/api.w.org\/{rel}","templated":true}]}}