{"id":1856,"date":"2024-11-21T12:02:58","date_gmt":"2024-11-21T12:02:58","guid":{"rendered":"https:\/\/www.hypersens.pl\/?post_type=product&#038;p=1856"},"modified":"2026-02-04T12:04:43","modified_gmt":"2026-02-04T12:04:43","slug":"sonda-hydrostatyczna-hs-50","status":"publish","type":"product","link":"https:\/\/www.hypersens.pl\/en\/product\/sonda-hydrostatyczna-hs-50\/","title":{"rendered":"SONDA HYDROSTATYCZNA HS-50"},"content":{"rendered":"<p><a href=\"https:\/\/www.hypersens.pl\/wp-content\/uploads\/2025\/12\/HS-50-karta-produktu.pdf\">Product card<\/a><br \/>\n<a href=\"https:\/\/www.hypersens.pl\/wp-content\/uploads\/2025\/09\/hs50-dtr.pdf\">Instruction<\/a><br \/>\n<a href=\"https:\/\/www.hypersens.pl\/wp-content\/uploads\/2026\/02\/Dekalracja-zgodnosci-CE-HS.pdf\">CE declaration<\/a><strong><br \/>\n<\/strong><a href=\"https:\/\/www.hypersens.pl\/wp-content\/uploads\/2025\/12\/Atest-PZH-2028.pdf\">Atest PZH<\/a><br \/>\n<a href=\"https:\/\/www.hypersens.pl\/en\/warunki-gwarancji\/\">General warranty conditions<\/a><\/p>\n<h2>Sonda hydrostatyczna do pomiaru poziomu cieczy lepkich i \u015bciek\u00f3w<\/h2>\n<p>Hydrostatyczna sonda g\u0142\u0119boko\u015bci serii HS-50 przeznaczona jest do ci\u0105g\u0142ego pomiaru poziomu cieczy, szczeg\u00f3lnie tych zawieraj\u0105cych nieczysto\u015bci sta\u0142e. Powszechnie wykorzystuje si\u0119 j\u0105 przy pomiarze poziomu w przepompowniach \u015bciek\u00f3w, komorach fermentacyjnych itp.<\/p>\n<h2>Proponowana przez nas sonda hydrostatyczna do \u015bciek\u00f3w to solidne urz\u0105dzenie, kt\u00f3re cechuje:<\/h2>\n<ul>\n<li>dok\u0142adny pomiar dzi\u0119ki zastosowaniu czujnika z membran\u0105 separacyjn\u0105,<\/li>\n<li>dok\u0142adny pomiar w trudnych warunkach dzi\u0119ki du\u017cej \u015brednicy membrany pomiarowej,<\/li>\n<li>dowolny zakres pomiarowy do 20mH2O,<\/li>\n<li>odporno\u015b\u0107, trwa\u0142o\u015b\u0107 i niezawodno\u015b\u0107,<\/li>\n<li>wbudowany uk\u0142ad zabezpieczaj\u0105cy,<\/li>\n<li>sondy hydrostatyczne dost\u0119pne od r\u0119ki.<\/li>\n<\/ul>\n<h2><span style=\"font-size: 16px;\">\n<table id=\"tablepress-1\" class=\"tablepress tablepress-id-1\">\n<thead>\n<tr class=\"row-1\">\n\t<th class=\"column-1\">Range<\/th><th class=\"column-2\">0...0-20mH2O<\/th>\n<\/tr>\n<\/thead>\n<tbody class=\"row-striping row-hover\">\n<tr class=\"row-2\">\n\t<td class=\"column-1\">Permissible overload<\/td><td class=\"column-2\">2 x range<\/td>\n<\/tr>\n<tr class=\"row-3\">\n\t<td class=\"column-1\">Fundamental error<\/td><td class=\"column-2\">0.5%<\/td>\n<\/tr>\n<tr class=\"row-4\">\n\t<td class=\"column-1\">Hysteresis and repeatability<\/td><td class=\"column-2\">0.5%<\/td>\n<\/tr>\n<tr class=\"row-5\">\n\t<td class=\"column-1\">Compensation temperature range<\/td><td class=\"column-2\">0...40\u00b0C<\/td>\n<\/tr>\n<tr class=\"row-6\">\n\t<td class=\"column-1\">Working conditions<\/td><td class=\"column-2\">-10...40\u00b0C<br \/>\n(the medium must not be allowed to freeze in the vicinity of the probe)<\/td>\n<\/tr>\n<tr class=\"row-7\">\n\t<td class=\"column-1\">Construction<\/td><td class=\"column-2\">Membrane material: 316L stainless steel<br \/>\n<br \/>\nhousing material: 316L\/Ti stainless steel<br \/>\n<br \/>\nmateria\u0142 os\u0142ony: polietylen<\/td>\n<\/tr>\n<tr class=\"row-8\">\n\t<td class=\"column-1\">Level of security<\/td><td class=\"column-2\">IP68<\/td>\n<\/tr>\n<tr class=\"row-9\">\n\t<td class=\"column-1\">Output signal<\/td><td class=\"column-2\">4...20mA (two-wire)<\/td>\n<\/tr>\n<tr class=\"row-10\">\n\t<td class=\"column-1\">Power supply<\/td><td class=\"column-2\">10...36V<\/td>\n<\/tr>\n<tr class=\"row-11\">\n\t<td class=\"column-1\">Connection<\/td><td class=\"column-2\">Red(+), Blue(-), Yellow(screen)<\/td>\n<\/tr>\n<\/tbody>\n<\/table>\n<!-- #tablepress-1 from cache --><\/span><\/h2>\n<h2>Sonda hydrostatyczna do \u015bciek\u00f3w \u2013 trwa\u0142a i bezpieczna konstrukcja<\/h2>\n<p>Dost\u0119pna w naszym sklepie sonda hydrostatyczna z serii HS-50 to narz\u0119dzie pomocne w zarz\u0105dzaniu \u015bciekami. Urz\u0105dzenie pozwala na precyzyjny monitoring i kontrol\u0119 poziomu cieczy w trudnych, a tak\u017ce wymagaj\u0105cych \u015brodowiskach. Proponowana przez nas sonda posiada os\u0142on\u0119 z polietylenu, co gwarantuje odporno\u015b\u0107 oraz trwa\u0142o\u015b\u0107 urz\u0105dzenia. Ponadto wyposa\u017cona jest w uk\u0142ad zabezpieczaj\u0105cy, zwi\u0119kszaj\u0105cy jej niezawodno\u015b\u0107 podczas pracy, a tak\u017ce bezpiecze\u0144stwo os\u00f3b j\u0105 obs\u0142uguj\u0105cych.<\/p>\n<h2>Bezpiecze\u0144stwo i dost\u0119pno\u015b\u0107 od r\u0119ki<\/h2>\n<p>W naszym sklepie sonda hydrostatyczna do \u015bciek\u00f3w mo\u017ce by\u0107 zakupiona bezpo\u015brednio. Dzi\u0119ki temu istnieje mo\u017cliwo\u015b\u0107 szybkiego wdro\u017cenia jej w r\u00f3\u017cnorodne systemy monitorowania poziomu \u015bciek\u00f3w. Cena sondy hydrostatycznej HS-50 jest konkurencyjna, co czyni j\u0105 atrakcyjn\u0105 opcj\u0105 zar\u00f3wno dla klient\u00f3w indywidualnych, jak i przemys\u0142owych.<\/p>\n<p>Zach\u0119camy do kontaktu! Nasi specjali\u015bci ch\u0119tnie odpowiedz\u0105 na Pa\u0144stwa pytania.<\/p>","protected":false},"excerpt":{"rendered":"<p>Karta produktu Instrukcja Deklaracja CE Atest PZH Og\u00f3lne warunki gwarancji Sonda hydrostatyczna do pomiaru poziomu cieczy lepkich i \u015bciek\u00f3w Hydrostatyczna sonda g\u0142\u0119boko\u015bci serii HS-50 przeznaczona jest do ci\u0105g\u0142ego pomiaru poziomu cieczy, szczeg\u00f3lnie tych zawieraj\u0105cych nieczysto\u015bci sta\u0142e. Powszechnie wykorzystuje si\u0119 j\u0105 przy pomiarze poziomu w przepompowniach \u015bciek\u00f3w, komorach fermentacyjnych itp. Proponowana przez nas sonda hydrostatyczna do [&hellip;]<\/p>","protected":false},"featured_media":1665,"template":"","meta":{"_eb_attr":"","_uag_custom_page_level_css":"","site-sidebar-layout":"default","site-content-layout":"","ast-site-content-layout":"default","site-content-style":"default","site-sidebar-style":"default","ast-global-header-display":"","ast-banner-title-visibility":"","ast-main-header-display":"","ast-hfb-above-header-display":"","ast-hfb-below-header-display":"","ast-hfb-mobile-header-display":"","site-post-title":"","ast-breadcrumbs-content":"","ast-featured-img":"","footer-sml-layout":"","theme-transparent-header-meta":"default","adv-header-id-meta":"","stick-header-meta":"","header-above-stick-meta":"","header-main-stick-meta":"","header-below-stick-meta":"","astra-migrate-meta-layouts":"set","ast-page-background-enabled":"default","ast-page-background-meta":{"desktop":{"background-color":"var(--ast-global-color-4)","background-image":"","background-repeat":"repeat","background-position":"center center","background-size":"auto","background-attachment":"scroll","background-type":"","background-media":"","overlay-type":"","overlay-color":"","overlay-opacity":"","overlay-gradient":""},"tablet":{"background-color":"","background-image":"","background-repeat":"repeat","background-position":"center center","background-size":"auto","background-attachment":"scroll","background-type":"","background-media":"","overlay-type":"","overlay-color":"","overlay-opacity":"","overlay-gradient":""},"mobile":{"background-color":"","background-image":"","background-repeat":"repeat","background-position":"center center","background-size":"auto","background-attachment":"scroll","background-type":"","background-media":"","overlay-type":"","overlay-color":"","overlay-opacity":"","overlay-gradient":""}},"ast-content-background-meta":{"desktop":{"background-color":"var(--ast-global-color-5)","background-image":"","background-repeat":"repeat","background-position":"center center","background-size":"auto","background-attachment":"scroll","background-type":"","background-media":"","overlay-type":"","overlay-color":"","overlay-opacity":"","overlay-gradient":""},"tablet":{"background-color":"var(--ast-global-color-5)","background-image":"","background-repeat":"repeat","background-position":"center center","background-size":"auto","background-attachment":"scroll","background-type":"","background-media":"","overlay-type":"","overlay-color":"","overlay-opacity":"","overlay-gradient":""},"mobile":{"background-color":"var(--ast-global-color-5)","background-image":"","background-repeat":"repeat","background-position":"center center","background-size":"auto","background-attachment":"scroll","background-type":"","background-media":"","overlay-type":"","overlay-color":"","overlay-opacity":"","overlay-gradient":""}}},"product_brand":[],"product_cat":[32],"product_tag":[],"class_list":{"0":"post-1856","1":"product","2":"type-product","3":"status-publish","4":"has-post-thumbnail","6":"product_cat-sondy-hydrostatyczne","7":"desktop-align-left","8":"tablet-align-left","9":"mobile-align-left","11":"first","12":"instock","13":"downloadable","14":"taxable","15":"shipping-taxable","16":"purchasable","17":"product-type-simple"},"uagb_featured_image_src":{"full":["https:\/\/www.hypersens.pl\/wp-content\/uploads\/2024\/06\/Sonda-2.png",1002,1020,false],"thumbnail":["https:\/\/www.hypersens.pl\/wp-content\/uploads\/2024\/06\/Sonda-2-150x150.png",150,150,true],"medium":["https:\/\/www.hypersens.pl\/wp-content\/uploads\/2024\/06\/Sonda-2-295x300.png",295,300,true],"medium_large":["https:\/\/www.hypersens.pl\/wp-content\/uploads\/2024\/06\/Sonda-2-768x782.png",768,782,true],"large":["https:\/\/www.hypersens.pl\/wp-content\/uploads\/2024\/06\/Sonda-2.png",1002,1020,false],"1536x1536":["https:\/\/www.hypersens.pl\/wp-content\/uploads\/2024\/06\/Sonda-2.png",1002,1020,false],"2048x2048":["https:\/\/www.hypersens.pl\/wp-content\/uploads\/2024\/06\/Sonda-2.png",1002,1020,false],"trp-custom-language-flag":["https:\/\/www.hypersens.pl\/wp-content\/uploads\/2024\/06\/Sonda-2.png",12,12,false],"depicter-thumbnail":["https:\/\/www.hypersens.pl\/wp-content\/uploads\/2024\/06\/Sonda-2-200x204.png",200,204,true],"woocommerce_thumbnail":["https:\/\/www.hypersens.pl\/wp-content\/uploads\/2024\/06\/Sonda-2-300x300.png",300,300,true],"woocommerce_single":["https:\/\/www.hypersens.pl\/wp-content\/uploads\/2024\/06\/Sonda-2-600x611.png",600,611,true],"woocommerce_gallery_thumbnail":["https:\/\/www.hypersens.pl\/wp-content\/uploads\/2024\/06\/Sonda-2-100x100.png",100,100,true]},"uagb_author_info":{"display_name":"admin","author_link":"https:\/\/www.hypersens.pl\/en\/author\/"},"uagb_comment_info":0,"uagb_excerpt":"Karta produktu Instrukcja Deklaracja CE Atest PZH Og\u00f3lne warunki gwarancji Sonda hydrostatyczna do pomiaru poziomu cieczy lepkich i \u015bciek\u00f3w Hydrostatyczna sonda g\u0142\u0119boko\u015bci serii HS-50 przeznaczona jest do ci\u0105g\u0142ego pomiaru poziomu cieczy, szczeg\u00f3lnie tych zawieraj\u0105cych nieczysto\u015bci sta\u0142e. Powszechnie wykorzystuje si\u0119 j\u0105 przy pomiarze poziomu w przepompowniach \u015bciek\u00f3w, komorach fermentacyjnych itp. Proponowana przez nas sonda hydrostatyczna do&hellip;","_links":{"self":[{"href":"https:\/\/www.hypersens.pl\/en\/wp-json\/wp\/v2\/product\/1856","targetHints":{"allow":["GET"]}}],"collection":[{"href":"https:\/\/www.hypersens.pl\/en\/wp-json\/wp\/v2\/product"}],"about":[{"href":"https:\/\/www.hypersens.pl\/en\/wp-json\/wp\/v2\/types\/product"}],"wp:featuredmedia":[{"embeddable":true,"href":"https:\/\/www.hypersens.pl\/en\/wp-json\/wp\/v2\/media\/1665"}],"wp:attachment":[{"href":"https:\/\/www.hypersens.pl\/en\/wp-json\/wp\/v2\/media?parent=1856"}],"wp:term":[{"taxonomy":"product_brand","embeddable":true,"href":"https:\/\/www.hypersens.pl\/en\/wp-json\/wp\/v2\/product_brand?post=1856"},{"taxonomy":"product_cat","embeddable":true,"href":"https:\/\/www.hypersens.pl\/en\/wp-json\/wp\/v2\/product_cat?post=1856"},{"taxonomy":"product_tag","embeddable":true,"href":"https:\/\/www.hypersens.pl\/en\/wp-json\/wp\/v2\/product_tag?post=1856"}],"curies":[{"name":"wp","href":"https:\/\/api.w.org\/{rel}","templated":true}]}}